{"id":422,"date":"2023-10-20T09:04:56","date_gmt":"2023-10-20T07:04:56","guid":{"rendered":"http:\/\/ifbb.hu\/wp\/?page_id=422"},"modified":"2023-10-26T16:08:50","modified_gmt":"2023-10-26T14:08:50","slug":"oktatas","status":"publish","type":"page","link":"http:\/\/ifbb.hu\/wp\/oktatas\/","title":{"rendered":"Oktat\u00e1s"},"content":{"rendered":"<div id=\"flipbox-widget-710\" class=\"cfb_wrapper layout-5 flex-row\" data-flipboxid=\"flipbox-widget-710\"><div class=\"flex-col-md-4 cfb-box-1 cfb-box-wrapper\">\r\n            <div class=\"flipbox-container cfb-layout-5 cfb-flip\" data-effect=\"x\" data-height=\"equal\" >\r\n              <div class=\"flipbox-front-layout flipbox-front-filled cfb-data\"  style=\"background:#527c96\"><div class=\"flipbox-icon\" style=\"font-size:52px\">\r\n                  <i class=\"fa fa-link\"><\/i>\r\n                <\/div><div class=\"flipbox-front-description\">\r\n                  <h4>IFBB Academy<\/h4>\r\n                  <p><\/p>\r\n                <\/div>\r\n              <\/div>\r\n              <div class=\"flipbox-back-layout cfb-data\" style=\"background:#527c96\">\r\n                <p>Az IFBB Academy megtekint\u00e9s\u00e9hez kattintson ide:<\/p><a target=\"_self\" href=\"http:\/\/ifbb.hu\/wp\/ifbb-academy\/\" style=\"color:#527c96\" class=\"back-layout-btn\">Megtekint\u00e9s<\/a><\/div>\r\n            <\/div>\r\n          <\/div><div class=\"flex-col-md-4 cfb-box-2 cfb-box-wrapper\">\r\n            <div class=\"flipbox-container cfb-layout-5 cfb-flip\" data-effect=\"x\" data-height=\"equal\" >\r\n              <div class=\"flipbox-front-layout flipbox-front-filled cfb-data\"  style=\"background:#527c96\"><div class=\"flipbox-icon\" style=\"font-size:52px\">\r\n                  <i class=\"fa fa-link\"><\/i>\r\n                <\/div><div class=\"flipbox-front-description\">\r\n                  <h4>Szakmai k\u00e9pz\u00e9s<\/h4>\r\n                  <p><\/p>\r\n                <\/div>\r\n              <\/div>\r\n              <div class=\"flipbox-back-layout cfb-data\" style=\"background:#527c96\">\r\n                <p>A Szakmai k\u00e9pz\u00e9s megtekint\u00e9s\u00e9hez kattintson ide:<\/p><a target=\"_self\" href=\"http:\/\/ifbb.hu\/wp\/szakmai-kepzes\/\" style=\"color:#527c96\" class=\"back-layout-btn\">Megtekint\u00e9s<\/a><\/div>\r\n            <\/div>\r\n          <\/div><div class=\"flex-col-md-4 cfb-box-3 cfb-box-wrapper\">\r\n            <div class=\"flipbox-container cfb-layout-5 cfb-flip\" data-effect=\"x\" data-height=\"equal\" >\r\n              <div class=\"flipbox-front-layout flipbox-front-filled cfb-data\"  style=\"background:#527c96\"><div class=\"flipbox-icon\" style=\"font-size:52px\">\r\n                  <i class=\"fa fa-link\"><\/i>\r\n                <\/div><div class=\"flipbox-front-description\">\r\n                  <h4>Anti-Doping<\/h4>\r\n                  <p><\/p>\r\n                <\/div>\r\n              <\/div>\r\n              <div class=\"flipbox-back-layout cfb-data\" style=\"background:#527c96\">\r\n                <p>Az Anti-Doping megtekint\u00e9s\u00e9hez kattintson ide:<\/p><a target=\"_self\" href=\"http:\/\/ifbb.hu\/wp\/andi-doping\/\" style=\"color:#527c96\" class=\"back-layout-btn\">Megtekint\u00e9s<\/a><\/div>\r\n            <\/div>\r\n          <\/div><\/div>\n","protected":false},"excerpt":{"rendered":"","protected":false},"author":1,"featured_media":0,"parent":0,"menu_order":0,"comment_status":"closed","ping_status":"closed","template":"","meta":[],"folder":[],"_links":{"self":[{"href":"http:\/\/ifbb.hu\/wp\/wp-json\/wp\/v2\/pages\/422"}],"collection":[{"href":"http:\/\/ifbb.hu\/wp\/wp-json\/wp\/v2\/pages"}],"about":[{"href":"http:\/\/ifbb.hu\/wp\/wp-json\/wp\/v2\/types\/page"}],"author":[{"embeddable":true,"href":"http:\/\/ifbb.hu\/wp\/wp-json\/wp\/v2\/users\/1"}],"replies":[{"embeddable":true,"href":"http:\/\/ifbb.hu\/wp\/wp-json\/wp\/v2\/comments?post=422"}],"version-history":[{"count":3,"href":"http:\/\/ifbb.hu\/wp\/wp-json\/wp\/v2\/pages\/422\/revisions"}],"predecessor-version":[{"id":711,"href":"http:\/\/ifbb.hu\/wp\/wp-json\/wp\/v2\/pages\/422\/revisions\/711"}],"wp:attachment":[{"href":"http:\/\/ifbb.hu\/wp\/wp-json\/wp\/v2\/media?parent=422"}],"wp:term":[{"taxonomy":"folder","embeddable":true,"href":"http:\/\/ifbb.hu\/wp\/wp-json\/wp\/v2\/folder?post=422"}],"curies":[{"name":"wp","href":"https:\/\/api.w.org\/{rel}","templated":true}]}}